{"id":353,"date":"2020-07-03T13:49:33","date_gmt":"2020-07-03T13:49:33","guid":{"rendered":"http:\/\/allangua.com\/?page_id=353"},"modified":"2020-07-03T15:35:13","modified_gmt":"2020-07-03T15:35:13","slug":"start","status":"publish","type":"page","link":"https:\/\/allangua.de\/en\/start","title":{"rendered":"Start"},"content":{"rendered":"\t\t<div data-elementor-type=\"wp-page\" data-elementor-id=\"353\" class=\"elementor elementor-353\">\n\t\t\t\t\t\t<section class=\"elementor-section elementor-top-section elementor-element elementor-element-e3bac5f elementor-section-boxed elementor-section-height-default elementor-section-height-default\" data-id=\"e3bac5f\" data-element_type=\"section\" data-e-type=\"section\">\n\t\t\t\t\t\t<div class=\"elementor-container elementor-column-gap-default\">\n\t\t\t\t\t<div class=\"elementor-column elementor-col-100 elementor-top-column elementor-element elementor-element-28d50c0\" data-id=\"28d50c0\" data-element_type=\"column\" data-e-type=\"column\">\n\t\t\t<div class=\"elementor-widget-wrap elementor-element-populated\">\n\t\t\t\t\t\t<div class=\"elementor-element elementor-element-9a8dbc7 elementor-widget elementor-widget-text-editor\" data-id=\"9a8dbc7\" data-element_type=\"widget\" data-e-type=\"widget\" data-widget_type=\"text-editor.default\">\n\t\t\t\t<div class=\"elementor-widget-container\">\n\t\t\t\t\t\t\t\t\t<h2 style=\"padding-left: 40px;\">Ihr zuverl\u00e4ssiger Partner f\u00fcr Fach\u00fcbersetzungen<\/h2>\t\t\t\t\t\t\t\t<\/div>\n\t\t\t\t<\/div>\n\t\t\t\t\t<\/div>\n\t\t<\/div>\n\t\t\t\t\t<\/div>\n\t\t<\/section>\n\t\t\t\t<section class=\"elementor-section elementor-top-section elementor-element elementor-element-14b303b elementor-section-boxed elementor-section-height-default elementor-section-height-default\" data-id=\"14b303b\" data-element_type=\"section\" data-e-type=\"section\">\n\t\t\t\t\t\t<div class=\"elementor-container elementor-column-gap-default\">\n\t\t\t\t\t<div class=\"elementor-column elementor-col-100 elementor-top-column elementor-element elementor-element-3d959f4\" data-id=\"3d959f4\" data-element_type=\"column\" data-e-type=\"column\">\n\t\t\t<div class=\"elementor-widget-wrap elementor-element-populated\">\n\t\t\t\t\t\t<div class=\"elementor-element elementor-element-1189a07 elementor-widget elementor-widget-text-editor\" data-id=\"1189a07\" data-element_type=\"widget\" data-e-type=\"widget\" data-widget_type=\"text-editor.default\">\n\t\t\t\t<div class=\"elementor-widget-container\">\n\t\t\t\t\t\t\t\t\t<h5 style=\"padding-left: 40px;\">Allangua ist Ihr zuverl\u00e4ssiger Partner, wenn es um die \u00dcbersetzung von Fachtexten geht. Ganz gleich, von welcher in welche Sprache Sie Ihren Text \u00fcbersetzt haben m\u00f6chten.<\/h5>\n<h5 style=\"padding-left: 40px;\">Allangua ist eine \u00dcbersetzungsagentur mit einem internationalen Netzwerk erfahrener \u00dcbersetzer, die die richtigen Worte und Formulierungen f\u00fcr Ihren Text parat haben. Wir finden immer den passenden Muttersprachler f\u00fcr Ihren Auftrag.<\/h5>\t\t\t\t\t\t\t\t<\/div>\n\t\t\t\t<\/div>\n\t\t\t\t\t<\/div>\n\t\t<\/div>\n\t\t\t\t\t<\/div>\n\t\t<\/section>\n\t\t\t\t<section class=\"elementor-section elementor-top-section elementor-element elementor-element-e0322d9 elementor-section-boxed elementor-section-height-default elementor-section-height-default\" data-id=\"e0322d9\" data-element_type=\"section\" data-e-type=\"section\">\n\t\t\t\t\t\t<div class=\"elementor-container elementor-column-gap-default\">\n\t\t\t\t\t<div class=\"elementor-column elementor-col-100 elementor-top-column elementor-element elementor-element-6aa35f3\" data-id=\"6aa35f3\" data-element_type=\"column\" data-e-type=\"column\">\n\t\t\t<div class=\"elementor-widget-wrap elementor-element-populated\">\n\t\t\t\t\t\t<div class=\"elementor-element elementor-element-2368871 elementor-widget elementor-widget-text-editor\" data-id=\"2368871\" data-element_type=\"widget\" data-e-type=\"widget\" data-widget_type=\"text-editor.default\">\n\t\t\t\t<div class=\"elementor-widget-container\">\n\t\t\t\t\t\t\t\t\t<h2 style=\"padding-left: 40px;\">Qualifizierte \u00dcbersetzungen jeder Fachrichtung<\/h2>\t\t\t\t\t\t\t\t<\/div>\n\t\t\t\t<\/div>\n\t\t\t\t\t<\/div>\n\t\t<\/div>\n\t\t\t\t\t<\/div>\n\t\t<\/section>\n\t\t\t\t<section class=\"elementor-section elementor-top-section elementor-element elementor-element-8359536 elementor-section-boxed elementor-section-height-default elementor-section-height-default\" data-id=\"8359536\" data-element_type=\"section\" data-e-type=\"section\">\n\t\t\t\t\t\t<div class=\"elementor-container elementor-column-gap-default\">\n\t\t\t\t\t<div class=\"elementor-column elementor-col-100 elementor-top-column elementor-element elementor-element-8cab376\" data-id=\"8cab376\" data-element_type=\"column\" data-e-type=\"column\">\n\t\t\t<div class=\"elementor-widget-wrap elementor-element-populated\">\n\t\t\t\t\t\t<div class=\"elementor-element elementor-element-e40529c elementor-widget elementor-widget-text-editor\" data-id=\"e40529c\" data-element_type=\"widget\" data-e-type=\"widget\" data-widget_type=\"text-editor.default\">\n\t\t\t\t<div class=\"elementor-widget-container\">\n\t\t\t\t\t\t\t\t\t<h5 style=\"padding-left: 40px;\">Unsere \u00dcbersetzer kennen sich in den verschiedensten Fachgebieten aus.<\/h5>\n<h5 style=\"padding-left: 40px;\">Beispielsweise Anlagenbau, Architektur, Computerhard- und -software, Elektrotechnik, Elektronik, Fahrzeugtechnik, Automatisierung, Medizin, Vertr\u00e4ge und viele weitere.<\/h5>\n<h5 style=\"padding-left: 40px;\">Schwerpunkte hierbei sind Handb\u00fccher und technische Dokumentationen.<\/h5>\t\t\t\t\t\t\t\t<\/div>\n\t\t\t\t<\/div>\n\t\t\t\t\t<\/div>\n\t\t<\/div>\n\t\t\t\t\t<\/div>\n\t\t<\/section>\n\t\t\t\t<\/div>\n\t\t","protected":false},"excerpt":{"rendered":"<p>Ihr zuverl\u00e4ssiger Partner f\u00fcr Fach\u00fcbersetzungen Allangua ist Ihr zuverl\u00e4ssiger Partner, wenn es um die \u00dcbersetzung von Fachtexten geht. Ganz gleich, von welcher in welche Sprache Sie Ihren Text \u00fcbersetzt haben m\u00f6chten. Allangua ist eine \u00dcbersetzungsagentur mit einem internationalen Netzwerk erfahrener \u00dcbersetzer, die die richtigen Worte und Formulierungen f\u00fcr Ihren Text parat haben. Wir finden immer [&hellip;]<\/p>\n","protected":false},"author":1,"featured_media":0,"parent":0,"menu_order":0,"comment_status":"closed","ping_status":"closed","template":"elementor_header_footer","meta":{"footnotes":""},"class_list":["post-353","page","type-page","status-publish","czr-hentry"],"translation":{"provider":"WPGlobus","version":"3.0.2","language":"en","enabled_languages":["de","en"],"languages":{"de":{"title":true,"content":true,"excerpt":false},"en":{"title":false,"content":false,"excerpt":false}}},"yoast_head":"<!-- This site is optimized with the Yoast SEO plugin v27.4 - https:\/\/yoast.com\/product\/yoast-seo-wordpress\/ -->\n<title>Start - Allangua<\/title>\n<meta name=\"robots\" content=\"index, follow, max-snippet:-1, max-image-preview:large, max-video-preview:-1\" \/>\n<link rel=\"canonical\" href=\"https:\/\/allangua.de\/start\" \/>\n<meta property=\"og:locale\" content=\"en_US\" \/>\n<meta property=\"og:type\" content=\"article\" \/>\n<meta property=\"og:title\" content=\"Start - Allangua\" \/>\n<meta property=\"og:url\" content=\"https:\/\/allangua.de\/start\" \/>\n<meta property=\"og:site_name\" content=\"Allangua\" \/>\n<meta property=\"article:modified_time\" content=\"2020-07-03T15:35:13+00:00\" \/>\n<meta name=\"twitter:card\" content=\"summary_large_image\" \/>\n<meta name=\"twitter:label1\" content=\"Est. reading time\" \/>\n\t<meta name=\"twitter:data1\" content=\"1 minute\" \/>\n<script type=\"application\/ld+json\" class=\"yoast-schema-graph\">{\"@context\":\"https:\\\/\\\/schema.org\",\"@graph\":[{\"@type\":\"WebPage\",\"@id\":\"https:\\\/\\\/allangua.de\\\/start\",\"url\":\"https:\\\/\\\/allangua.de\\\/start\",\"name\":\"Start - Allangua\",\"isPartOf\":{\"@id\":\"https:\\\/\\\/allangua.de\\\/#website\"},\"datePublished\":\"2020-07-03T13:49:33+00:00\",\"dateModified\":\"2020-07-03T15:35:13+00:00\",\"breadcrumb\":{\"@id\":\"https:\\\/\\\/allangua.de\\\/start#breadcrumb\"},\"inLanguage\":\"en-US\",\"potentialAction\":[{\"@type\":\"ReadAction\",\"target\":[\"https:\\\/\\\/allangua.de\\\/start\"]}]},{\"@type\":\"BreadcrumbList\",\"@id\":\"https:\\\/\\\/allangua.de\\\/start#breadcrumb\",\"itemListElement\":[{\"@type\":\"ListItem\",\"position\":1,\"name\":\"Startseite\",\"item\":\"https:\\\/\\\/allangua.de\\\/\"},{\"@type\":\"ListItem\",\"position\":2,\"name\":\"Start\"}]},{\"@type\":\"WebSite\",\"@id\":\"https:\\\/\\\/allangua.de\\\/#website\",\"url\":\"https:\\\/\\\/allangua.de\\\/\",\"name\":\"Allangua\",\"description\":\"Fach\u00fcbersetzungen in alle Sprachen\",\"publisher\":{\"@id\":\"https:\\\/\\\/allangua.de\\\/#organization\"},\"potentialAction\":[{\"@type\":\"SearchAction\",\"target\":{\"@type\":\"EntryPoint\",\"urlTemplate\":\"https:\\\/\\\/allangua.de\\\/?s={search_term_string}\"},\"query-input\":{\"@type\":\"PropertyValueSpecification\",\"valueRequired\":true,\"valueName\":\"search_term_string\"}}],\"inLanguage\":\"en-US\"},{\"@type\":\"Organization\",\"@id\":\"https:\\\/\\\/allangua.de\\\/#organization\",\"name\":\"Allangua GmbH\",\"url\":\"https:\\\/\\\/allangua.de\\\/\",\"logo\":{\"@type\":\"ImageObject\",\"inLanguage\":\"en-US\",\"@id\":\"https:\\\/\\\/allangua.de\\\/#\\\/schema\\\/logo\\\/image\\\/\",\"url\":\"https:\\\/\\\/allangua.de\\\/wp-content\\\/uploads\\\/2020\\\/05\\\/all_2.bmp\",\"contentUrl\":\"https:\\\/\\\/allangua.de\\\/wp-content\\\/uploads\\\/2020\\\/05\\\/all_2.bmp\",\"width\":1170,\"height\":500,\"caption\":\"Allangua GmbH\"},\"image\":{\"@id\":\"https:\\\/\\\/allangua.de\\\/#\\\/schema\\\/logo\\\/image\\\/\"}}]}<\/script>\n<!-- \/ Yoast SEO plugin. -->","yoast_head_json":{"title":"Start - Allangua","robots":{"index":"index","follow":"follow","max-snippet":"max-snippet:-1","max-image-preview":"max-image-preview:large","max-video-preview":"max-video-preview:-1"},"canonical":"https:\/\/allangua.de\/start","og_locale":"en_US","og_type":"article","og_title":"Start - Allangua","og_url":"https:\/\/allangua.de\/start","og_site_name":"Allangua","article_modified_time":"2020-07-03T15:35:13+00:00","twitter_card":"summary_large_image","twitter_misc":{"Est. reading time":"1 minute"},"schema":{"@context":"https:\/\/schema.org","@graph":[{"@type":"WebPage","@id":"https:\/\/allangua.de\/start","url":"https:\/\/allangua.de\/start","name":"Start - Allangua","isPartOf":{"@id":"https:\/\/allangua.de\/#website"},"datePublished":"2020-07-03T13:49:33+00:00","dateModified":"2020-07-03T15:35:13+00:00","breadcrumb":{"@id":"https:\/\/allangua.de\/start#breadcrumb"},"inLanguage":"en-US","potentialAction":[{"@type":"ReadAction","target":["https:\/\/allangua.de\/start"]}]},{"@type":"BreadcrumbList","@id":"https:\/\/allangua.de\/start#breadcrumb","itemListElement":[{"@type":"ListItem","position":1,"name":"Startseite","item":"https:\/\/allangua.de\/"},{"@type":"ListItem","position":2,"name":"Start"}]},{"@type":"WebSite","@id":"https:\/\/allangua.de\/#website","url":"https:\/\/allangua.de\/","name":"Allangua","description":"Fach\u00fcbersetzungen in alle Sprachen","publisher":{"@id":"https:\/\/allangua.de\/#organization"},"potentialAction":[{"@type":"SearchAction","target":{"@type":"EntryPoint","urlTemplate":"https:\/\/allangua.de\/?s={search_term_string}"},"query-input":{"@type":"PropertyValueSpecification","valueRequired":true,"valueName":"search_term_string"}}],"inLanguage":"en-US"},{"@type":"Organization","@id":"https:\/\/allangua.de\/#organization","name":"Allangua GmbH","url":"https:\/\/allangua.de\/","logo":{"@type":"ImageObject","inLanguage":"en-US","@id":"https:\/\/allangua.de\/#\/schema\/logo\/image\/","url":"https:\/\/allangua.de\/wp-content\/uploads\/2020\/05\/all_2.bmp","contentUrl":"https:\/\/allangua.de\/wp-content\/uploads\/2020\/05\/all_2.bmp","width":1170,"height":500,"caption":"Allangua GmbH"},"image":{"@id":"https:\/\/allangua.de\/#\/schema\/logo\/image\/"}}]}},"_links":{"self":[{"href":"https:\/\/allangua.de\/en\/wp-json\/wp\/v2\/pages\/353","targetHints":{"allow":["GET"]}}],"collection":[{"href":"https:\/\/allangua.de\/en\/wp-json\/wp\/v2\/pages"}],"about":[{"href":"https:\/\/allangua.de\/en\/wp-json\/wp\/v2\/types\/page"}],"author":[{"embeddable":true,"href":"https:\/\/allangua.de\/en\/wp-json\/wp\/v2\/users\/1"}],"replies":[{"embeddable":true,"href":"https:\/\/allangua.de\/en\/wp-json\/wp\/v2\/comments?post=353"}],"version-history":[{"count":16,"href":"https:\/\/allangua.de\/en\/wp-json\/wp\/v2\/pages\/353\/revisions"}],"predecessor-version":[{"id":387,"href":"https:\/\/allangua.de\/en\/wp-json\/wp\/v2\/pages\/353\/revisions\/387"}],"wp:attachment":[{"href":"https:\/\/allangua.de\/en\/wp-json\/wp\/v2\/media?parent=353"}],"curies":[{"name":"wp","href":"https:\/\/api.w.org\/{rel}","templated":true}]}}